{"id":9785,"date":"2021-11-16T12:16:24","date_gmt":"2021-11-16T12:16:24","guid":{"rendered":"https:\/\/villaskin.clinic\/treatments\/"},"modified":"2025-04-04T17:49:09","modified_gmt":"2025-04-04T16:49:09","slug":"treatments","status":"publish","type":"page","link":"https:\/\/villaskin.clinic\/en\/treatments\/","title":{"rendered":"Treatments"},"content":{"rendered":"<p>[vc_row row_content_width=&#8221;grid&#8221; content_text_alignment=&#8221;center&#8221; css=&#8221;.vc_custom_1635955643536{margin-top: 80px !important;margin-bottom: 30px !important;}&#8221;][vc_column width=&#8221;1\/4&#8243; css=&#8221;.vc_custom_1635955628296{margin-bottom: 30px !important;}&#8221;]<div class=\"qodef-shortcode qodef-m  qodef-icon-with-text qodef-layout--top qodef--custom-icon  qodef--has-appear qodef-alignment--center\">\n\t<div class=\"qodef-m-icon-wrapper\">\n\t\t\t\t\t<a itemprop=\"url\" href=\"https:\/\/villaskin.clinic\/en\/portfolio-item\/aquapure\/\" target=\"_self\">\n\t\t\t<img loading=\"lazy\" decoding=\"async\" width=\"600\" height=\"600\" src=\"https:\/\/villaskin.clinic\/wp-content\/uploads\/2021\/10\/vs-service2.png\" class=\"attachment-full size-full\" alt=\"\" srcset=\"https:\/\/villaskin.clinic\/wp-content\/uploads\/2021\/10\/vs-service2.png 600w, https:\/\/villaskin.clinic\/wp-content\/uploads\/2021\/10\/vs-service2-300x300.png 300w, https:\/\/villaskin.clinic\/wp-content\/uploads\/2021\/10\/vs-service2-150x150.png 150w\" sizes=\"auto, (max-width: 600px) 100vw, 600px\" \/>\t\t\t<\/a>\n\t\t<\/div>\n\t<div class=\"qodef-m-content\">\n\t\t\t<h4 class=\"qodef-m-title\" style=\"margin-top: 20px\">\n\t\t\t\t\t<a itemprop=\"url\" href=\"https:\/\/villaskin.clinic\/en\/portfolio-item\/aquapure\/\" target=\"_self\">\n\t\t\t\t\t<span class=\"qodef-m-title-text\">Aquapure<\/span>\n\t\t\t\t\t<\/a>\n\t\t\t<\/h4>\n\t\t\t<\/div>\n<\/div>[\/vc_column][vc_column width=&#8221;1\/4&#8243; css=&#8221;.vc_custom_1635955633876{margin-bottom: 30px !important;}&#8221;]<div class=\"qodef-shortcode qodef-m  qodef-icon-with-text qodef-layout--top qodef--custom-icon  qodef--has-appear qodef-alignment--center\">\n\t<div class=\"qodef-m-icon-wrapper\">\n\t\t\t\t\t<a itemprop=\"url\" href=\"https:\/\/villaskin.clinic\/en\/portfolio-item\/dermapen\/\" target=\"_self\">\n\t\t\t<img loading=\"lazy\" decoding=\"async\" width=\"600\" height=\"600\" src=\"https:\/\/villaskin.clinic\/wp-content\/uploads\/2022\/03\/vs-service5.png\" class=\"attachment-full size-full\" alt=\"\" srcset=\"https:\/\/villaskin.clinic\/wp-content\/uploads\/2022\/03\/vs-service5.png 600w, https:\/\/villaskin.clinic\/wp-content\/uploads\/2022\/03\/vs-service5-300x300.png 300w, https:\/\/villaskin.clinic\/wp-content\/uploads\/2022\/03\/vs-service5-150x150.png 150w\" sizes=\"auto, (max-width: 600px) 100vw, 600px\" \/>\t\t\t<\/a>\n\t\t<\/div>\n\t<div class=\"qodef-m-content\">\n\t\t\t<h4 class=\"qodef-m-title\" style=\"margin-top: 20px\">\n\t\t\t\t\t<a itemprop=\"url\" href=\"https:\/\/villaskin.clinic\/en\/portfolio-item\/dermapen\/\" target=\"_self\">\n\t\t\t\t\t<span class=\"qodef-m-title-text\">Dermapen<\/span>\n\t\t\t\t\t<\/a>\n\t\t\t<\/h4>\n\t\t\t<\/div>\n<\/div>[\/vc_column][vc_column width=&#8221;1\/4&#8243; css=&#8221;.vc_custom_1635955638832{margin-bottom: 30px !important;}&#8221;]<div class=\"qodef-shortcode qodef-m  qodef-icon-with-text qodef-layout--top qodef--custom-icon  qodef--has-appear qodef-alignment--center\">\n\t<div class=\"qodef-m-icon-wrapper\">\n\t\t\t\t\t<a itemprop=\"url\" href=\"https:\/\/villaskin.clinic\/en\/portfolio-item\/hyperbaric-chamber\/\" target=\"_self\">\n\t\t\t<img loading=\"lazy\" decoding=\"async\" width=\"600\" height=\"600\" src=\"https:\/\/villaskin.clinic\/wp-content\/uploads\/2022\/08\/imagem_servicos-2.png\" class=\"attachment-full size-full\" alt=\"\" srcset=\"https:\/\/villaskin.clinic\/wp-content\/uploads\/2022\/08\/imagem_servicos-2.png 600w, https:\/\/villaskin.clinic\/wp-content\/uploads\/2022\/08\/imagem_servicos-2-300x300.png 300w, https:\/\/villaskin.clinic\/wp-content\/uploads\/2022\/08\/imagem_servicos-2-150x150.png 150w\" sizes=\"auto, (max-width: 600px) 100vw, 600px\" \/>\t\t\t<\/a>\n\t\t<\/div>\n\t<div class=\"qodef-m-content\">\n\t\t\t<h4 class=\"qodef-m-title\" style=\"margin-top: 20px\">\n\t\t\t\t\t<a itemprop=\"url\" href=\"https:\/\/villaskin.clinic\/en\/portfolio-item\/hyperbaric-chamber\/\" target=\"_self\">\n\t\t\t\t\t<span class=\"qodef-m-title-text\">Hyperbaric Chamber<\/span>\n\t\t\t\t\t<\/a>\n\t\t\t<\/h4>\n\t\t\t<\/div>\n<\/div>[\/vc_column][vc_column width=&#8221;1\/4&#8243;]<div class=\"qodef-shortcode qodef-m  qodef-icon-with-text qodef-layout--top qodef--custom-icon  qodef--has-appear qodef-alignment--center\">\n\t<div class=\"qodef-m-icon-wrapper\">\n\t\t\t\t\t<a itemprop=\"url\" href=\"https:\/\/villaskin.clinic\/en\/portfolio-item\/laser-venus-velocity\/\" target=\"_self\">\n\t\t\t<img loading=\"lazy\" decoding=\"async\" width=\"600\" height=\"600\" src=\"https:\/\/villaskin.clinic\/wp-content\/uploads\/2022\/07\/Laser-Venus-Velocity.png\" class=\"attachment-full size-full\" alt=\"\" srcset=\"https:\/\/villaskin.clinic\/wp-content\/uploads\/2022\/07\/Laser-Venus-Velocity.png 600w, https:\/\/villaskin.clinic\/wp-content\/uploads\/2022\/07\/Laser-Venus-Velocity-300x300.png 300w, https:\/\/villaskin.clinic\/wp-content\/uploads\/2022\/07\/Laser-Venus-Velocity-150x150.png 150w\" sizes=\"auto, (max-width: 600px) 100vw, 600px\" \/>\t\t\t<\/a>\n\t\t<\/div>\n\t<div class=\"qodef-m-content\">\n\t\t\t<h4 class=\"qodef-m-title\" style=\"margin-top: 20px\">\n\t\t\t\t\t<a itemprop=\"url\" href=\"https:\/\/villaskin.clinic\/en\/portfolio-item\/laser-venus-velocity\/\" target=\"_self\">\n\t\t\t\t\t<span class=\"qodef-m-title-text\">Laser Venus Velocity<\/span>\n\t\t\t\t\t<\/a>\n\t\t\t<\/h4>\n\t\t\t<\/div>\n<\/div>[\/vc_column][\/vc_row][vc_row row_content_width=&#8221;grid&#8221; content_text_alignment=&#8221;center&#8221; css=&#8221;.vc_custom_1635955643536{margin-top: 80px !important;margin-bottom: 30px !important;}&#8221;][vc_column width=&#8221;1\/4&#8243; css=&#8221;.vc_custom_1635955628296{margin-bottom: 30px !important;}&#8221;]<div class=\"qodef-shortcode qodef-m Photodynamic Therapy qodef-icon-with-text qodef-layout--top qodef--custom-icon  qodef--has-appear qodef-alignment--center\">\n\t<div class=\"qodef-m-icon-wrapper\">\n\t\t\t\t\t<a itemprop=\"url\" href=\"https:\/\/villaskin.clinic\/en\/portfolio-item\/photodynamic-therapy\/\" target=\"_self\">\n\t\t\t<img loading=\"lazy\" decoding=\"async\" width=\"600\" height=\"600\" src=\"https:\/\/villaskin.clinic\/wp-content\/uploads\/2022\/07\/imagem_servicos.png\" class=\"attachment-full size-full\" alt=\"\" srcset=\"https:\/\/villaskin.clinic\/wp-content\/uploads\/2022\/07\/imagem_servicos.png 600w, https:\/\/villaskin.clinic\/wp-content\/uploads\/2022\/07\/imagem_servicos-300x300.png 300w, https:\/\/villaskin.clinic\/wp-content\/uploads\/2022\/07\/imagem_servicos-150x150.png 150w\" sizes=\"auto, (max-width: 600px) 100vw, 600px\" \/>\t\t\t<\/a>\n\t\t<\/div>\n\t<div class=\"qodef-m-content\">\n\t\t\t<h4 class=\"qodef-m-title\" style=\"margin-top: 20px\">\n\t\t\t\t\t<a itemprop=\"url\" href=\"https:\/\/villaskin.clinic\/en\/portfolio-item\/photodynamic-therapy\/\" target=\"_self\">\n\t\t\t\t\t<span class=\"qodef-m-title-text\">Photodynamic Therapy<\/span>\n\t\t\t\t\t<\/a>\n\t\t\t<\/h4>\n\t\t\t<\/div>\n<\/div>[\/vc_column][vc_column width=&#8221;1\/4&#8243; css=&#8221;.vc_custom_1635955633876{margin-bottom: 30px !important;}&#8221;]<div class=\"qodef-shortcode qodef-m  qodef-icon-with-text qodef-layout--top qodef--custom-icon  qodef--has-appear qodef-alignment--center\">\n\t<div class=\"qodef-m-icon-wrapper\">\n\t\t\t\t\t<a itemprop=\"url\" href=\"https:\/\/villaskin.clinic\/en\/portfolio-item\/scizer\/\" target=\"_self\">\n\t\t\t<img loading=\"lazy\" decoding=\"async\" width=\"600\" height=\"600\" src=\"https:\/\/villaskin.clinic\/wp-content\/uploads\/2021\/10\/vs-service5.png\" class=\"attachment-full size-full\" alt=\"\" srcset=\"https:\/\/villaskin.clinic\/wp-content\/uploads\/2021\/10\/vs-service5.png 600w, https:\/\/villaskin.clinic\/wp-content\/uploads\/2021\/10\/vs-service5-300x300.png 300w, https:\/\/villaskin.clinic\/wp-content\/uploads\/2021\/10\/vs-service5-150x150.png 150w\" sizes=\"auto, (max-width: 600px) 100vw, 600px\" \/>\t\t\t<\/a>\n\t\t<\/div>\n\t<div class=\"qodef-m-content\">\n\t\t\t<h4 class=\"qodef-m-title\" style=\"margin-top: 20px\">\n\t\t\t\t\t<a itemprop=\"url\" href=\"https:\/\/villaskin.clinic\/en\/portfolio-item\/scizer\/\" target=\"_self\">\n\t\t\t\t\t<span class=\"qodef-m-title-text\">Scizer<\/span>\n\t\t\t\t\t<\/a>\n\t\t\t<\/h4>\n\t\t\t<\/div>\n<\/div>[\/vc_column][vc_column width=&#8221;1\/4&#8243; css=&#8221;.vc_custom_1635955638832{margin-bottom: 30px !important;}&#8221;]<div class=\"qodef-shortcode qodef-m  qodef-icon-with-text qodef-layout--top qodef--custom-icon  qodef--has-appear qodef-alignment--center\">\n\t<div class=\"qodef-m-icon-wrapper\">\n\t\t\t\t\t<a itemprop=\"url\" href=\"https:\/\/villaskin.clinic\/en\/portfolio-item\/ultraformer-iii\/\" target=\"_self\">\n\t\t\t<img loading=\"lazy\" decoding=\"async\" width=\"600\" height=\"600\" src=\"https:\/\/villaskin.clinic\/wp-content\/uploads\/2021\/11\/vs-service4.png\" class=\"attachment-full size-full\" alt=\"\" srcset=\"https:\/\/villaskin.clinic\/wp-content\/uploads\/2021\/11\/vs-service4.png 600w, https:\/\/villaskin.clinic\/wp-content\/uploads\/2021\/11\/vs-service4-300x300.png 300w, https:\/\/villaskin.clinic\/wp-content\/uploads\/2021\/11\/vs-service4-150x150.png 150w\" sizes=\"auto, (max-width: 600px) 100vw, 600px\" \/>\t\t\t<\/a>\n\t\t<\/div>\n\t<div class=\"qodef-m-content\">\n\t\t\t<h4 class=\"qodef-m-title\" style=\"margin-top: 20px\">\n\t\t\t\t\t<a itemprop=\"url\" href=\"https:\/\/villaskin.clinic\/en\/portfolio-item\/ultraformer-iii\/\" target=\"_self\">\n\t\t\t\t\t<span class=\"qodef-m-title-text\">Ultraformer III<\/span>\n\t\t\t\t\t<\/a>\n\t\t\t<\/h4>\n\t\t\t<\/div>\n<\/div>[\/vc_column][vc_column width=&#8221;1\/4&#8243;][\/vc_column][\/vc_row]<\/p>\n","protected":false},"excerpt":{"rendered":"<p>[vc_row row_content_width=&#8221;grid&#8221; content_text_alignment=&#8221;center&#8221; css=&#8221;.vc_custom_1635955643536{margin-top: 80px !important;margin-bottom: 30px !important;}&#8221;][vc_column width=&#8221;1\/4&#8243; css=&#8221;.vc_custom_1635955628296{margin-bottom: 30px !important;}&#8221;][\/vc_column][vc_column width=&#8221;1\/4&#8243; css=&#8221;.vc_custom_1635955633876{margin-bottom: 30px !important;}&#8221;][\/vc_column][vc_column width=&#8221;1\/4&#8243; css=&#8221;.vc_custom_1635955638832{margin-bottom: 30px !important;}&#8221;][\/vc_column][vc_column width=&#8221;1\/4&#8243;][\/vc_column][\/vc_row][vc_row row_content_width=&#8221;grid&#8221; content_text_alignment=&#8221;center&#8221; css=&#8221;.vc_custom_1635955643536{margin-top: 80px !important;margin-bottom: 30px !important;}&#8221;][vc_column width=&#8221;1\/4&#8243; css=&#8221;.vc_custom_1635955628296{margin-bottom: 30px !important;}&#8221;][\/vc_column][vc_column width=&#8221;1\/4&#8243; css=&#8221;.vc_custom_1635955633876{margin-bottom: 30px !important;}&#8221;][\/vc_column][vc_column width=&#8221;1\/4&#8243; css=&#8221;.vc_custom_1635955638832{margin-bottom: 30px !important;}&#8221;][\/vc_column][vc_column width=&#8221;1\/4&#8243;][\/vc_column][\/vc_row]<\/p>\n","protected":false},"author":1,"featured_media":0,"parent":0,"menu_order":0,"comment_status":"closed","ping_status":"closed","template":"","meta":{"footnotes":""},"class_list":["post-9785","page","type-page","status-publish","hentry"],"yoast_head":"<!-- This site is optimized with the Yoast SEO plugin v17.6 - https:\/\/yoast.com\/wordpress\/plugins\/seo\/ -->\n<title>Treatments - Villaskin Clinic<\/title>\n<meta name=\"description\" content=\"Combater e reverter os efeitos do envelhecimento, melhorar a tonicidade e a apar\u00eancia da pele, limpar e refirmar em profundidade, adelga\u00e7ar com seguran\u00e7a e efic\u00e1cia, s\u00e3o apenas alguns dos tratamentos que temos ao seu dispor.\" \/>\n<meta name=\"robots\" content=\"index, follow, max-snippet:-1, max-image-preview:large, max-video-preview:-1\" \/>\n<link rel=\"canonical\" href=\"https:\/\/villaskin.clinic\/en\/treatments\/\" \/>\n<meta property=\"og:locale\" content=\"en_US\" \/>\n<meta property=\"og:type\" content=\"article\" \/>\n<meta property=\"og:title\" content=\"Treatments - Villaskin Clinic\" \/>\n<meta property=\"og:description\" content=\"Combater e reverter os efeitos do envelhecimento, melhorar a tonicidade e a apar\u00eancia da pele, limpar e refirmar em profundidade, adelga\u00e7ar com seguran\u00e7a e efic\u00e1cia, s\u00e3o apenas alguns dos tratamentos que temos ao seu dispor.\" \/>\n<meta property=\"og:url\" content=\"https:\/\/villaskin.clinic\/en\/treatments\/\" \/>\n<meta property=\"og:site_name\" content=\"Villaskin Clinic\" \/>\n<meta property=\"article:modified_time\" content=\"2025-04-04T16:49:09+00:00\" \/>\n<meta name=\"twitter:card\" content=\"summary_large_image\" \/>\n<meta name=\"twitter:label1\" content=\"Est. reading time\" \/>\n\t<meta name=\"twitter:data1\" content=\"1 minute\" \/>\n<script type=\"application\/ld+json\" class=\"yoast-schema-graph\">{\"@context\":\"https:\/\/schema.org\",\"@graph\":[{\"@type\":\"WebSite\",\"@id\":\"https:\/\/villaskin.clinic\/#website\",\"url\":\"https:\/\/villaskin.clinic\/\",\"name\":\"Villaskin Clinic\",\"description\":\"Est\\u00e9tica Inovadora\",\"potentialAction\":[{\"@type\":\"SearchAction\",\"target\":{\"@type\":\"EntryPoint\",\"urlTemplate\":\"https:\/\/villaskin.clinic\/?s={search_term_string}\"},\"query-input\":\"required name=search_term_string\"}],\"inLanguage\":\"en-US\"},{\"@type\":\"WebPage\",\"@id\":\"https:\/\/villaskin.clinic\/en\/treatments\/#webpage\",\"url\":\"https:\/\/villaskin.clinic\/en\/treatments\/\",\"name\":\"Treatments - Villaskin Clinic\",\"isPartOf\":{\"@id\":\"https:\/\/villaskin.clinic\/#website\"},\"datePublished\":\"2021-11-16T12:16:24+00:00\",\"dateModified\":\"2025-04-04T16:49:09+00:00\",\"description\":\"Combater e reverter os efeitos do envelhecimento, melhorar a tonicidade e a apar\\u00eancia da pele, limpar e refirmar em profundidade, adelga\\u00e7ar com seguran\\u00e7a e efic\\u00e1cia, s\\u00e3o apenas alguns dos tratamentos que temos ao seu dispor.\",\"breadcrumb\":{\"@id\":\"https:\/\/villaskin.clinic\/en\/treatments\/#breadcrumb\"},\"inLanguage\":\"en-US\",\"potentialAction\":[{\"@type\":\"ReadAction\",\"target\":[\"https:\/\/villaskin.clinic\/en\/treatments\/\"]}]},{\"@type\":\"BreadcrumbList\",\"@id\":\"https:\/\/villaskin.clinic\/en\/treatments\/#breadcrumb\",\"itemListElement\":[{\"@type\":\"ListItem\",\"position\":1,\"name\":\"In\\u00edcio\",\"item\":\"https:\/\/villaskin.clinic\/en\/\"},{\"@type\":\"ListItem\",\"position\":2,\"name\":\"Treatments\"}]}]}<\/script>\n<!-- \/ Yoast SEO plugin. -->","yoast_head_json":{"title":"Treatments - Villaskin Clinic","description":"Combater e reverter os efeitos do envelhecimento, melhorar a tonicidade e a apar\u00eancia da pele, limpar e refirmar em profundidade, adelga\u00e7ar com seguran\u00e7a e efic\u00e1cia, s\u00e3o apenas alguns dos tratamentos que temos ao seu dispor.","robots":{"index":"index","follow":"follow","max-snippet":"max-snippet:-1","max-image-preview":"max-image-preview:large","max-video-preview":"max-video-preview:-1"},"canonical":"https:\/\/villaskin.clinic\/en\/treatments\/","og_locale":"en_US","og_type":"article","og_title":"Treatments - Villaskin Clinic","og_description":"Combater e reverter os efeitos do envelhecimento, melhorar a tonicidade e a apar\u00eancia da pele, limpar e refirmar em profundidade, adelga\u00e7ar com seguran\u00e7a e efic\u00e1cia, s\u00e3o apenas alguns dos tratamentos que temos ao seu dispor.","og_url":"https:\/\/villaskin.clinic\/en\/treatments\/","og_site_name":"Villaskin Clinic","article_modified_time":"2025-04-04T16:49:09+00:00","twitter_card":"summary_large_image","twitter_misc":{"Est. reading time":"1 minute"},"schema":{"@context":"https:\/\/schema.org","@graph":[{"@type":"WebSite","@id":"https:\/\/villaskin.clinic\/#website","url":"https:\/\/villaskin.clinic\/","name":"Villaskin Clinic","description":"Est\u00e9tica Inovadora","potentialAction":[{"@type":"SearchAction","target":{"@type":"EntryPoint","urlTemplate":"https:\/\/villaskin.clinic\/?s={search_term_string}"},"query-input":"required name=search_term_string"}],"inLanguage":"en-US"},{"@type":"WebPage","@id":"https:\/\/villaskin.clinic\/en\/treatments\/#webpage","url":"https:\/\/villaskin.clinic\/en\/treatments\/","name":"Treatments - Villaskin Clinic","isPartOf":{"@id":"https:\/\/villaskin.clinic\/#website"},"datePublished":"2021-11-16T12:16:24+00:00","dateModified":"2025-04-04T16:49:09+00:00","description":"Combater e reverter os efeitos do envelhecimento, melhorar a tonicidade e a apar\u00eancia da pele, limpar e refirmar em profundidade, adelga\u00e7ar com seguran\u00e7a e efic\u00e1cia, s\u00e3o apenas alguns dos tratamentos que temos ao seu dispor.","breadcrumb":{"@id":"https:\/\/villaskin.clinic\/en\/treatments\/#breadcrumb"},"inLanguage":"en-US","potentialAction":[{"@type":"ReadAction","target":["https:\/\/villaskin.clinic\/en\/treatments\/"]}]},{"@type":"BreadcrumbList","@id":"https:\/\/villaskin.clinic\/en\/treatments\/#breadcrumb","itemListElement":[{"@type":"ListItem","position":1,"name":"In\u00edcio","item":"https:\/\/villaskin.clinic\/en\/"},{"@type":"ListItem","position":2,"name":"Treatments"}]}]}},"_links":{"self":[{"href":"https:\/\/villaskin.clinic\/en\/wp-json\/wp\/v2\/pages\/9785","targetHints":{"allow":["GET"]}}],"collection":[{"href":"https:\/\/villaskin.clinic\/en\/wp-json\/wp\/v2\/pages"}],"about":[{"href":"https:\/\/villaskin.clinic\/en\/wp-json\/wp\/v2\/types\/page"}],"author":[{"embeddable":true,"href":"https:\/\/villaskin.clinic\/en\/wp-json\/wp\/v2\/users\/1"}],"replies":[{"embeddable":true,"href":"https:\/\/villaskin.clinic\/en\/wp-json\/wp\/v2\/comments?post=9785"}],"version-history":[{"count":15,"href":"https:\/\/villaskin.clinic\/en\/wp-json\/wp\/v2\/pages\/9785\/revisions"}],"predecessor-version":[{"id":10089,"href":"https:\/\/villaskin.clinic\/en\/wp-json\/wp\/v2\/pages\/9785\/revisions\/10089"}],"wp:attachment":[{"href":"https:\/\/villaskin.clinic\/en\/wp-json\/wp\/v2\/media?parent=9785"}],"curies":[{"name":"wp","href":"https:\/\/api.w.org\/{rel}","templated":true}]}}