{"id":9783,"date":"2021-10-29T17:18:16","date_gmt":"2021-10-29T16:18:16","guid":{"rendered":"https:\/\/villaskin.clinic\/about-us\/"},"modified":"2021-11-17T12:15:18","modified_gmt":"2021-11-17T12:15:18","slug":"the-clinic","status":"publish","type":"page","link":"https:\/\/villaskin.clinic\/en\/the-clinic\/","title":{"rendered":"The Clinic"},"content":{"rendered":"<p>[vc_row equal_height=&#8221;yes&#8221; content_placement=&#8221;middle&#8221; css=&#8221;.vc_custom_1635939260675{margin-top: 50px !important;}&#8221;][vc_column width=&#8221;5\/12&#8243; css=&#8221;.vc_custom_1635954864884{margin-right: 20px !important;margin-left: 20px !important;padding-top: 600px !important;background-image: url(https:\/\/villaskin.clinic\/wp-content\/uploads\/2021\/11\/VillaSkin-sobre-nos-4.jpg?id=9339) !important;background-position: center !important;background-repeat: no-repeat !important;background-size: cover !important;}&#8221;][\/vc_column][vc_column width=&#8221;7\/12&#8243;][vc_column_text]<strong>Located at the heart of the Parque das Na\u00e7\u00f5es area, in Lisbon, Villaskin is an innovative aesthetic medicine clinic boasting the most advanced equipment for non-invasive treatment of both face and body.<\/strong><\/p>\n<p>It is always up to date with the latest technological advances in order to provide you with preventive and curative medicine in a personalized, effective way. Fighting and reversing the effects of aging, improving skin tone and appearance, deep cleansing and firming, safely and effectively slimming, are just some of the treatments we have at your disposal.<\/p>\n<p><em><strong>Pay us a visit and discover what we have to offer you with safety and comfort.<\/strong><\/em>[\/vc_column_text]<div role=\"form\" class=\"wpcf7\" id=\"wpcf7-f9809-o1\" lang=\"en-US\" dir=\"ltr\">\n<div class=\"screen-reader-response\"><p role=\"status\" aria-live=\"polite\" aria-atomic=\"true\"><\/p> <ul><\/ul><\/div>\n<form action=\"\/en\/wp-json\/wp\/v2\/pages\/9783#wpcf7-f9809-o1\" method=\"post\" class=\"wpcf7-form init mailchimp-ext-0.5.61\" novalidate=\"novalidate\" data-status=\"init\">\n<div style=\"display: none;\">\n<input type=\"hidden\" name=\"_wpcf7\" value=\"9809\" \/>\n<input type=\"hidden\" name=\"_wpcf7_version\" value=\"5.5.2\" \/>\n<input type=\"hidden\" name=\"_wpcf7_locale\" value=\"en_US\" \/>\n<input type=\"hidden\" name=\"_wpcf7_unit_tag\" value=\"wpcf7-f9809-o1\" \/>\n<input type=\"hidden\" name=\"_wpcf7_container_post\" value=\"0\" \/>\n<input type=\"hidden\" name=\"_wpcf7_posted_data_hash\" value=\"\" \/>\n<input type=\"hidden\" name=\"_wpcf7_recaptcha_response\" value=\"\" \/>\n<\/div>\n<div class=\"qodef-contat-form-3 qodef-cf7-custom-fields-bg qodef-cf7-custom-no-margin\">\n<div class=\"qodef-grid qodef-layout--columns qodef-col-num--2 qodef-gutter--normal\">\n<div class=\"qodef-col-num--6\">\n\t\t\t\t\t<span class=\"wpcf7-form-control-wrap your-name\"><input type=\"text\" name=\"your-name\" value=\"\" size=\"40\" class=\"wpcf7-form-control wpcf7-text wpcf7-validates-as-required\" aria-required=\"true\" aria-invalid=\"false\" placeholder=\"Name\" \/><\/span>\n                                        <\/div>\n<div class=\"qodef-grid-inner\">\n<div class=\"qodef-grid-item\">\n<div class=\"qodef-col-num--6\">\n                                        <span class=\"wpcf7-form-control-wrap your-email\"><input type=\"email\" name=\"your-email\" value=\"\" size=\"40\" class=\"wpcf7-form-control wpcf7-text wpcf7-email wpcf7-validates-as-required wpcf7-validates-as-email\" aria-required=\"true\" aria-invalid=\"false\" placeholder=\"E-mail*\" \/><\/span>\n\t\t\t\t<\/div>\n<\/div>\n<div class=\"qodef-grid-item\">\n<div class=\"qodef-col-num--6\">\n\t\t\t\t\t<span class=\"wpcf7-form-control-wrap tel-414\"><input type=\"tel\" name=\"tel-414\" value=\"\" size=\"40\" class=\"wpcf7-form-control wpcf7-text wpcf7-tel wpcf7-validates-as-tel\" aria-invalid=\"false\" placeholder=\"Phone\" \/><\/span>\n\t\t\t\t<\/div>\n<\/div>\n<\/div>\n<div><span class=\"wpcf7-form-control-wrap your-message\"><textarea name=\"your-message\" cols=\"40\" rows=\"3\" class=\"wpcf7-form-control wpcf7-textarea\" aria-invalid=\"false\" placeholder=\"Message\"><\/textarea><\/span><\/div>\n<div style=\"margin-top: 8px;\"><button type=\"submit\" class=\"wpcf7-form-control wpcf7-submit qodef-button-center qodef-button qodef-size--normal qodef-type--filled qodef-m\"><span class=\"qodef-m-text\">Contact us<\/span><\/button><\/div>\n<\/div>\n<div class=\"wpcf7-response-output\" aria-hidden=\"true\"><\/div><p style=\"display: none !important\"><span class=\"wpcf7-form-control-wrap referer-page\"><input type=\"hidden\" name=\"referer-page\" value=\"http:\/\/Direct%20Visit\" data-value=\"http:\/\/Direct%20Visit\" class=\"wpcf7-form-control wpcf7-text referer-page\" aria-invalid=\"false\"><\/span><\/p>\n<!-- Chimpmail extension by Renzo Johnson --><\/form><\/div>[\/vc_column][\/vc_row]<\/p>\n","protected":false},"excerpt":{"rendered":"<p>[vc_row equal_height=&#8221;yes&#8221; content_placement=&#8221;middle&#8221; css=&#8221;.vc_custom_1635939260675{margin-top: 50px !important;}&#8221;][vc_column width=&#8221;5\/12&#8243; css=&#8221;.vc_custom_1635954864884{margin-right: 20px !important;margin-left: 20px !important;padding-top: 600px !important;background-image: url(https:\/\/villaskin.clinic\/wp-content\/uploads\/2021\/11\/VillaSkin-sobre-nos-4.jpg?id=9339) !important;background-position: center !important;background-repeat: no-repeat !important;background-size: cover !important;}&#8221;][\/vc_column][vc_column width=&#8221;7\/12&#8243;][vc_column_text]Located at the heart of the Parque das Na\u00e7\u00f5es area, in Lisbon, Villaskin is an innovative aesthetic medicine clinic boasting the most advanced equipment for non-invasive treatment of both face and body. It [&hellip;]<\/p>\n","protected":false},"author":1,"featured_media":0,"parent":0,"menu_order":0,"comment_status":"closed","ping_status":"closed","template":"","meta":{"footnotes":""},"class_list":["post-9783","page","type-page","status-publish","hentry"],"yoast_head":"<!-- This site is optimized with the Yoast SEO plugin v17.6 - https:\/\/yoast.com\/wordpress\/plugins\/seo\/ -->\n<title>The Clinic - Villaskin Clinic<\/title>\n<meta name=\"description\" content=\"Localizada no cora\u00e7\u00e3o do Parque das Na\u00e7\u00f5es, em Lisboa, a Villaskin \u00e9 uma cl\u00ednica de medicina est\u00e9tica inovadora, que disp\u00f5e dos mais avan\u00e7ados equipamentos para o tratamento n\u00e3o invasivo do rosto e do corpo.\" \/>\n<meta name=\"robots\" content=\"index, follow, max-snippet:-1, max-image-preview:large, max-video-preview:-1\" \/>\n<link rel=\"canonical\" href=\"https:\/\/villaskin.clinic\/en\/the-clinic\/\" \/>\n<meta property=\"og:locale\" content=\"en_US\" \/>\n<meta property=\"og:type\" content=\"article\" \/>\n<meta property=\"og:title\" content=\"The Clinic - Villaskin Clinic\" \/>\n<meta property=\"og:description\" content=\"Localizada no cora\u00e7\u00e3o do Parque das Na\u00e7\u00f5es, em Lisboa, a Villaskin \u00e9 uma cl\u00ednica de medicina est\u00e9tica inovadora, que disp\u00f5e dos mais avan\u00e7ados equipamentos para o tratamento n\u00e3o invasivo do rosto e do corpo.\" \/>\n<meta property=\"og:url\" content=\"https:\/\/villaskin.clinic\/en\/the-clinic\/\" \/>\n<meta property=\"og:site_name\" content=\"Villaskin Clinic\" \/>\n<meta property=\"article:modified_time\" content=\"2021-11-17T12:15:18+00:00\" \/>\n<meta name=\"twitter:card\" content=\"summary_large_image\" \/>\n<meta name=\"twitter:label1\" content=\"Est. reading time\" \/>\n\t<meta name=\"twitter:data1\" content=\"1 minute\" \/>\n<script type=\"application\/ld+json\" class=\"yoast-schema-graph\">{\"@context\":\"https:\/\/schema.org\",\"@graph\":[{\"@type\":\"WebSite\",\"@id\":\"https:\/\/villaskin.clinic\/#website\",\"url\":\"https:\/\/villaskin.clinic\/\",\"name\":\"Villaskin Clinic\",\"description\":\"Est\\u00e9tica Inovadora\",\"potentialAction\":[{\"@type\":\"SearchAction\",\"target\":{\"@type\":\"EntryPoint\",\"urlTemplate\":\"https:\/\/villaskin.clinic\/?s={search_term_string}\"},\"query-input\":\"required name=search_term_string\"}],\"inLanguage\":\"en-US\"},{\"@type\":\"WebPage\",\"@id\":\"https:\/\/villaskin.clinic\/en\/the-clinic\/#webpage\",\"url\":\"https:\/\/villaskin.clinic\/en\/the-clinic\/\",\"name\":\"The Clinic - Villaskin Clinic\",\"isPartOf\":{\"@id\":\"https:\/\/villaskin.clinic\/#website\"},\"datePublished\":\"2021-10-29T16:18:16+00:00\",\"dateModified\":\"2021-11-17T12:15:18+00:00\",\"description\":\"Localizada no cora\\u00e7\\u00e3o do Parque das Na\\u00e7\\u00f5es, em Lisboa, a Villaskin \\u00e9 uma cl\\u00ednica de medicina est\\u00e9tica inovadora, que disp\\u00f5e dos mais avan\\u00e7ados equipamentos para o tratamento n\\u00e3o invasivo do rosto e do corpo.\",\"breadcrumb\":{\"@id\":\"https:\/\/villaskin.clinic\/en\/the-clinic\/#breadcrumb\"},\"inLanguage\":\"en-US\",\"potentialAction\":[{\"@type\":\"ReadAction\",\"target\":[\"https:\/\/villaskin.clinic\/en\/the-clinic\/\"]}]},{\"@type\":\"BreadcrumbList\",\"@id\":\"https:\/\/villaskin.clinic\/en\/the-clinic\/#breadcrumb\",\"itemListElement\":[{\"@type\":\"ListItem\",\"position\":1,\"name\":\"In\\u00edcio\",\"item\":\"https:\/\/villaskin.clinic\/en\/\"},{\"@type\":\"ListItem\",\"position\":2,\"name\":\"The Clinic\"}]}]}<\/script>\n<!-- \/ Yoast SEO plugin. -->","yoast_head_json":{"title":"The Clinic - Villaskin Clinic","description":"Localizada no cora\u00e7\u00e3o do Parque das Na\u00e7\u00f5es, em Lisboa, a Villaskin \u00e9 uma cl\u00ednica de medicina est\u00e9tica inovadora, que disp\u00f5e dos mais avan\u00e7ados equipamentos para o tratamento n\u00e3o invasivo do rosto e do corpo.","robots":{"index":"index","follow":"follow","max-snippet":"max-snippet:-1","max-image-preview":"max-image-preview:large","max-video-preview":"max-video-preview:-1"},"canonical":"https:\/\/villaskin.clinic\/en\/the-clinic\/","og_locale":"en_US","og_type":"article","og_title":"The Clinic - Villaskin Clinic","og_description":"Localizada no cora\u00e7\u00e3o do Parque das Na\u00e7\u00f5es, em Lisboa, a Villaskin \u00e9 uma cl\u00ednica de medicina est\u00e9tica inovadora, que disp\u00f5e dos mais avan\u00e7ados equipamentos para o tratamento n\u00e3o invasivo do rosto e do corpo.","og_url":"https:\/\/villaskin.clinic\/en\/the-clinic\/","og_site_name":"Villaskin Clinic","article_modified_time":"2021-11-17T12:15:18+00:00","twitter_card":"summary_large_image","twitter_misc":{"Est. reading time":"1 minute"},"schema":{"@context":"https:\/\/schema.org","@graph":[{"@type":"WebSite","@id":"https:\/\/villaskin.clinic\/#website","url":"https:\/\/villaskin.clinic\/","name":"Villaskin Clinic","description":"Est\u00e9tica Inovadora","potentialAction":[{"@type":"SearchAction","target":{"@type":"EntryPoint","urlTemplate":"https:\/\/villaskin.clinic\/?s={search_term_string}"},"query-input":"required name=search_term_string"}],"inLanguage":"en-US"},{"@type":"WebPage","@id":"https:\/\/villaskin.clinic\/en\/the-clinic\/#webpage","url":"https:\/\/villaskin.clinic\/en\/the-clinic\/","name":"The Clinic - Villaskin Clinic","isPartOf":{"@id":"https:\/\/villaskin.clinic\/#website"},"datePublished":"2021-10-29T16:18:16+00:00","dateModified":"2021-11-17T12:15:18+00:00","description":"Localizada no cora\u00e7\u00e3o do Parque das Na\u00e7\u00f5es, em Lisboa, a Villaskin \u00e9 uma cl\u00ednica de medicina est\u00e9tica inovadora, que disp\u00f5e dos mais avan\u00e7ados equipamentos para o tratamento n\u00e3o invasivo do rosto e do corpo.","breadcrumb":{"@id":"https:\/\/villaskin.clinic\/en\/the-clinic\/#breadcrumb"},"inLanguage":"en-US","potentialAction":[{"@type":"ReadAction","target":["https:\/\/villaskin.clinic\/en\/the-clinic\/"]}]},{"@type":"BreadcrumbList","@id":"https:\/\/villaskin.clinic\/en\/the-clinic\/#breadcrumb","itemListElement":[{"@type":"ListItem","position":1,"name":"In\u00edcio","item":"https:\/\/villaskin.clinic\/en\/"},{"@type":"ListItem","position":2,"name":"The Clinic"}]}]}},"_links":{"self":[{"href":"https:\/\/villaskin.clinic\/en\/wp-json\/wp\/v2\/pages\/9783","targetHints":{"allow":["GET"]}}],"collection":[{"href":"https:\/\/villaskin.clinic\/en\/wp-json\/wp\/v2\/pages"}],"about":[{"href":"https:\/\/villaskin.clinic\/en\/wp-json\/wp\/v2\/types\/page"}],"author":[{"embeddable":true,"href":"https:\/\/villaskin.clinic\/en\/wp-json\/wp\/v2\/users\/1"}],"replies":[{"embeddable":true,"href":"https:\/\/villaskin.clinic\/en\/wp-json\/wp\/v2\/comments?post=9783"}],"version-history":[{"count":8,"href":"https:\/\/villaskin.clinic\/en\/wp-json\/wp\/v2\/pages\/9783\/revisions"}],"predecessor-version":[{"id":9814,"href":"https:\/\/villaskin.clinic\/en\/wp-json\/wp\/v2\/pages\/9783\/revisions\/9814"}],"wp:attachment":[{"href":"https:\/\/villaskin.clinic\/en\/wp-json\/wp\/v2\/media?parent=9783"}],"curies":[{"name":"wp","href":"https:\/\/api.w.org\/{rel}","templated":true}]}}